{"id":728,"date":"2023-11-23T14:34:01","date_gmt":"2023-11-23T13:34:01","guid":{"rendered":"https:\/\/entreprise-bear.fr\/?page_id=728"},"modified":"2024-02-20T15:45:35","modified_gmt":"2024-02-20T14:45:35","slug":"nos-realisations","status":"publish","type":"page","link":"https:\/\/entreprise-bear.fr\/en\/nos-realisations\/","title":{"rendered":"Our achievements"},"content":{"rendered":"<h4 class=\"wp-block-heading\">L&rsquo;Entreprise Bear r\u00e9alise plusieurs types de travaux gr\u00e2ce \u00e0 ses \u00e9quipes qualifi\u00e9es :<\/h4>\n\n\n\n<ul class=\"wp-block-list\">\n<li>Couverture : diagnostic et r\u00e9novation de toiture<\/li>\n\n\n\n<li>Ma\u00e7onnerie g\u00e9n\u00e9rale<\/li>\n\n\n\n<li>Isolation &#8211; Etanch\u00e9it\u00e9<\/li>\n\n\n\n<li>Zinc works<\/li>\n<\/ul>\n\n\n\n<p>Nous avons la fiert\u00e9 de pouvoir intervenir sur la <strong>r\u00e9novation<\/strong> et <strong>l&rsquo;entretien<\/strong> de <strong>monuments phares<\/strong> de la r\u00e9gion des <strong>Pyr\u00e9n\u00e9es-Orientales<\/strong> depuis plusieurs ann\u00e9es maintenant.<\/p>\n\n\n\n<div class=\"wp-block-group\"><div class=\"wp-block-group__inner-container is-layout-constrained wp-block-group-is-layout-constrained\">\n<div class=\"wp-block-cover\"><span aria-hidden=\"true\" class=\"wp-block-cover__background has-background-dim-30 has-background-dim\"><\/span><img decoding=\"async\" class=\"wp-block-cover__image-background wp-image-735\" alt=\"\" src=\"https:\/\/entreprise-bear.fr\/wp-content\/uploads\/2023\/11\/photo-15.jpg\" data-object-fit=\"cover\"\/><div class=\"wp-block-cover__inner-container is-layout-flow wp-block-cover-is-layout-flow\">\n<p class=\"has-text-align-center has-large-font-size\"><strong>Roofing<\/strong><\/p>\n<\/div><\/div>\n\n\n\n<p><\/p>\n\n\n\n<div class=\"wp-block-cover is-light\"><span aria-hidden=\"true\" class=\"wp-block-cover__background has-background-dim\"><\/span><img decoding=\"async\" class=\"wp-block-cover__image-background wp-image-737\" alt=\"\" src=\"https:\/\/entreprise-bear.fr\/wp-content\/uploads\/2023\/11\/Photo-3-4.jpg\" data-object-fit=\"cover\"\/><div class=\"wp-block-cover__inner-container is-layout-flow wp-block-cover-is-layout-flow\">\n<p class=\"has-text-align-center has-white-color has-text-color has-large-font-size\"><strong>Building<\/strong><\/p>\n<\/div><\/div>\n<\/div><\/div>\n\n\n\n<p><\/p>\n\n\n\n<div class=\"wp-block-cover is-light\"><span aria-hidden=\"true\" class=\"wp-block-cover__background has-background-dim\"><\/span><img decoding=\"async\" class=\"wp-block-cover__image-background wp-image-738\" alt=\"\" src=\"https:\/\/entreprise-bear.fr\/wp-content\/uploads\/2023\/11\/Photo-23.jpg\" data-object-fit=\"cover\"\/><div class=\"wp-block-cover__inner-container is-layout-flow wp-block-cover-is-layout-flow\">\n<p class=\"has-text-align-center has-white-color has-text-color has-large-font-size\"><strong>Waterproofing<\/strong><\/p>\n\n\n\n<p><\/p>\n<\/div><\/div>\n\n\n\n<p><\/p>\n\n\n\n<div class=\"wp-block-cover\"><span aria-hidden=\"true\" class=\"wp-block-cover__background has-background-dim\"><\/span><img decoding=\"async\" class=\"wp-block-cover__image-background wp-image-743\" alt=\"\" src=\"https:\/\/entreprise-bear.fr\/wp-content\/uploads\/2023\/11\/zinguerie.jpg\" data-object-fit=\"cover\"\/><div class=\"wp-block-cover__inner-container is-layout-flow wp-block-cover-is-layout-flow\">\n<p class=\"has-text-align-center has-large-font-size\"><strong>Zinc works<\/strong><\/p>\n<\/div><\/div>","protected":false},"excerpt":{"rendered":"<p>L&rsquo;Entreprise Bear r\u00e9alise plusieurs types de travaux gr\u00e2ce \u00e0 ses \u00e9quipes qualifi\u00e9es : Nous avons la fiert\u00e9 de pouvoir intervenir sur la r\u00e9novation et l&rsquo;entretien de monuments phares de la r\u00e9gion des Pyr\u00e9n\u00e9es-Orientales depuis plusieurs ann\u00e9es maintenant.<\/p>","protected":false},"author":1,"featured_media":1300,"parent":0,"menu_order":0,"comment_status":"closed","ping_status":"closed","template":"template-jetpack-portfolio.php","meta":{"_seopress_robots_primary_cat":"","_seopress_titles_title":"Nos r\u00e9alisations en couverture et ma\u00e7onnerie","_seopress_titles_desc":"L&#039;Entreprise Bear pr\u00e9sente plusieurs chantiers qu&#039;elle a pu r\u00e9aliser au cours de ses derni\u00e8res ann\u00e9es. \nNous intervenons dans les P-O pour vos travaux de couverture et de ma\u00e7onnerie","_seopress_robots_index":"","footnotes":""},"class_list":["post-728","page","type-page","status-publish","has-post-thumbnail","hentry","clearfix","post-index"],"jetpack_sharing_enabled":true,"_links":{"self":[{"href":"https:\/\/entreprise-bear.fr\/en\/wp-json\/wp\/v2\/pages\/728","targetHints":{"allow":["GET"]}}],"collection":[{"href":"https:\/\/entreprise-bear.fr\/en\/wp-json\/wp\/v2\/pages"}],"about":[{"href":"https:\/\/entreprise-bear.fr\/en\/wp-json\/wp\/v2\/types\/page"}],"author":[{"embeddable":true,"href":"https:\/\/entreprise-bear.fr\/en\/wp-json\/wp\/v2\/users\/1"}],"replies":[{"embeddable":true,"href":"https:\/\/entreprise-bear.fr\/en\/wp-json\/wp\/v2\/comments?post=728"}],"version-history":[{"count":10,"href":"https:\/\/entreprise-bear.fr\/en\/wp-json\/wp\/v2\/pages\/728\/revisions"}],"predecessor-version":[{"id":785,"href":"https:\/\/entreprise-bear.fr\/en\/wp-json\/wp\/v2\/pages\/728\/revisions\/785"}],"wp:featuredmedia":[{"embeddable":true,"href":"https:\/\/entreprise-bear.fr\/en\/wp-json\/wp\/v2\/media\/1300"}],"wp:attachment":[{"href":"https:\/\/entreprise-bear.fr\/en\/wp-json\/wp\/v2\/media?parent=728"}],"curies":[{"name":"wp","href":"https:\/\/api.w.org\/{rel}","templated":true}]}}