{"id":72,"date":"2017-02-02T13:48:11","date_gmt":"2017-02-02T12:48:11","guid":{"rendered":"http:\/\/entreprise-bear.fr\/?page_id=72"},"modified":"2025-09-15T11:30:39","modified_gmt":"2025-09-15T09:30:39","slug":"maconnerie","status":"publish","type":"page","link":"https:\/\/entreprise-bear.fr\/en\/maconnerie\/","title":{"rendered":"Your masonry specialist in the Pyr\u00e9n\u00e9es-Orientales"},"content":{"rendered":"<p data-start=\"212\" data-end=\"574\" class=\"translation-block\">L'Entreprise Bear, based in the <strong>Pyr\u00e9n\u00e9es-Orientales<\/strong> region, supports <strong>individuals and professionals<\/strong> in all their <strong>general masonry, renovation, extension or exterior development projects.<\/strong> We put our expertise at your service to offer you solid, careful and durable projects, in accordance with current standards.<\/p>\r\n<p data-start=\"576\" data-end=\"949\" class=\"translation-block\">Our team works on a wide range of projects, whether it's creating an <strong>opening in a wall, building a staircase, fitting out a terrace, renovating a house or extending an existing building.<\/strong> We also create <strong>wooden or tiled terraces<\/strong> as well as <strong>exterior fittings<\/strong> such as driveways, garage access or low walls.<\/p>\r\n<p data-start=\"951\" data-end=\"1317\">Each project is handled with rigor and precision, respecting deadlines and meeting your expectations. We take the time to listen to your needs and offer you tailor-made solutions, adapted to your budget and lifestyle. Our commitment: to guarantee you a result that meets your expectations, with a constant focus on quality and durability.<\/p>\r\n<p data-start=\"1319\" data-end=\"1661\">A local and responsive company, we operate primarily in Perpignan and throughout the Pyr\u00e9n\u00e9es-Orientales department. All our work is covered by a ten-year warranty, ensuring your complete peace of mind. We also pay particular attention to safety and the organization of our construction sites.<\/p>\r\n<h2 class=\"wp-block-heading\">\u00a0<\/h2>\r\n<h2 class=\"wp-block-heading\">Our services include:<\/h2>\r\n\r\n\r\n\r\n<ul class=\"wp-block-list\">\r\n<li>Opening doors\/windows and bays in load-bearing walls<\/li>\r\n\r\n\r\n\r\n<li>Hollow and solid facade joints, grey or coloured<\/li>\r\n\r\n\r\n\r\n<li>Enclosure wall\/fence<\/li>\r\n\r\n\r\n\r\n<li>Concrete slab casting<\/li>\r\n\r\n\r\n\r\n<li>Screed<\/li>\r\n\r\n\r\n\r\n<li>Staircase cladding<\/li>\r\n\r\n\r\n\r\n<li>Creating of space<\/li>\r\n\r\n\r\n\r\n<li>Construction of brick and breeze block walls<\/li>\r\n\r\n\r\n\r\n<li>Crack treatment and restructuring<\/li>\r\n\r\n\r\n\r\n<li>Facade coating<\/li>\r\n<\/ul>\r\n\r\n\r\n\r\n<p class=\"has-text-align-left\">\u00a0<\/p>\r\n\r\n\r\n\r\n<div class=\"wp-block-buttons is-content-justification-center is-layout-flex wp-container-core-buttons-is-layout-1 wp-block-buttons-is-layout-flex\">\r\n<div class=\"wp-block-button\"><a class=\"wp-block-button__link has-background has-text-align-center wp-element-button\" style=\"background-color: #007d69;\" href=\"https:\/\/entreprise-bear.fr\/en\/portfolio\/maconnerie\/\" target=\"_blank\" rel=\"noreferrer noopener\"><strong>View our projects<\/strong><\/a><\/div>\r\n<\/div>","protected":false},"excerpt":{"rendered":"<p>L&rsquo;Entreprise Bear, install\u00e9e dans les Pyr\u00e9n\u00e9es-Orientales, accompagne les particuliers et les professionnels dans tous leurs projets de ma\u00e7onnerie g\u00e9n\u00e9rale, de r\u00e9novation, d\u2019extension ou d\u2019am\u00e9nagement ext\u00e9rieur. Nous mettons notre savoir-faire \u00e0 votre service pour vous proposer des r\u00e9alisations solides, soign\u00e9es et durables, en accord avec les normes en vigueur. Notre \u00e9quipe intervient sur une large gamme [&hellip;]<\/p>\n","protected":false},"author":1,"featured_media":90,"parent":0,"menu_order":0,"comment_status":"closed","ping_status":"closed","template":"","meta":{"_seopress_robots_primary_cat":"","_seopress_titles_title":"Ma\u00e7on \u00e0 Perpignan - Entreprise Bear","_seopress_titles_desc":"L'Entreprise BEAR se sp\u00e9cialise dans la ma\u00e7onnerie g\u00e9n\u00e9rale, la r\u00e9novation, le carrelage et les terrasses dans le (66)","_seopress_robots_index":"","footnotes":""},"class_list":["post-72","page","type-page","status-publish","has-post-thumbnail","hentry","clearfix","post-index"],"jetpack_sharing_enabled":true,"_links":{"self":[{"href":"https:\/\/entreprise-bear.fr\/en\/wp-json\/wp\/v2\/pages\/72","targetHints":{"allow":["GET"]}}],"collection":[{"href":"https:\/\/entreprise-bear.fr\/en\/wp-json\/wp\/v2\/pages"}],"about":[{"href":"https:\/\/entreprise-bear.fr\/en\/wp-json\/wp\/v2\/types\/page"}],"author":[{"embeddable":true,"href":"https:\/\/entreprise-bear.fr\/en\/wp-json\/wp\/v2\/users\/1"}],"replies":[{"embeddable":true,"href":"https:\/\/entreprise-bear.fr\/en\/wp-json\/wp\/v2\/comments?post=72"}],"version-history":[{"count":16,"href":"https:\/\/entreprise-bear.fr\/en\/wp-json\/wp\/v2\/pages\/72\/revisions"}],"predecessor-version":[{"id":2442,"href":"https:\/\/entreprise-bear.fr\/en\/wp-json\/wp\/v2\/pages\/72\/revisions\/2442"}],"wp:featuredmedia":[{"embeddable":true,"href":"https:\/\/entreprise-bear.fr\/en\/wp-json\/wp\/v2\/media\/90"}],"wp:attachment":[{"href":"https:\/\/entreprise-bear.fr\/en\/wp-json\/wp\/v2\/media?parent=72"}],"curies":[{"name":"wp","href":"https:\/\/api.w.org\/{rel}","templated":true}]}}