{"id":64,"date":"2017-02-02T13:46:45","date_gmt":"2017-02-02T12:46:45","guid":{"rendered":"http:\/\/entreprise-bear.fr\/?page_id=64"},"modified":"2019-01-25T19:21:41","modified_gmt":"2019-01-25T18:21:41","slug":"securisation","status":"publish","type":"page","link":"https:\/\/entreprise-bear.fr\/en\/securisation\/","title":{"rendered":"Protection"},"content":{"rendered":"<h2>Accessibility of your buildings and structures<\/h2>\n<p class=\"translation-block\">An integral part of <strong>security<\/strong>, we adapt or create access to bring your <strong>buildings up to standard<\/strong>.<\/p>\n<p class=\"translation-block\">We facilitate and <strong>secure access to roofs and terraces<\/strong> as well as to your <strong>work stations in industrial,\nprofessional and private environments<\/strong>.<\/p>\n<p>Our services include:<\/p>\n<ul>\n<li>Personal fall arrest systems \/ Lifelines (EN 795 standard)<\/li>\n<li>Guardrails<\/li>\n<li>Cage ladders<\/li>\n<li>Anchoring points<\/li>\n<li>Passageways<\/li>\n<li>Parapet platform access ladders<\/li>\n<li>Anti-fall nets<\/li>\n<\/ul>\n<p><img fetchpriority=\"high\" decoding=\"async\" class=\"aligncenter wp-image-234\" src=\"http:\/\/entreprise-bear.fr\/wp-content\/uploads\/2017\/02\/site-300x164.jpg\" alt=\"\" width=\"800\" height=\"437\" srcset=\"https:\/\/entreprise-bear.fr\/wp-content\/uploads\/2017\/02\/site-300x164.jpg 300w, https:\/\/entreprise-bear.fr\/wp-content\/uploads\/2017\/02\/site-768x419.jpg 768w, https:\/\/entreprise-bear.fr\/wp-content\/uploads\/2017\/02\/site-594x324.jpg 594w, https:\/\/entreprise-bear.fr\/wp-content\/uploads\/2017\/02\/site.jpg 1000w\" sizes=\"(max-width: 800px) 100vw, 800px\" \/><\/p>","protected":false},"excerpt":{"rendered":"<p>L\u2019accessibilit\u00e9 de vos b\u00e2timents et structures Dans le cadre de la s\u00e9curisation, nous adaptons ou cr\u00e9ons les acc\u00e8s et cheminements pour mettre vos b\u00e2timents aux normes. Nous vous facilitons et s\u00e9curisons les acc\u00e8s aux toitures et terrasses et \u00e0 vos postes de travail dans les milieux industriels, professionnels et particuliers. Nos prestations: Ligne de vie [&hellip;]<\/p>\n","protected":false},"author":1,"featured_media":98,"parent":0,"menu_order":0,"comment_status":"closed","ping_status":"closed","template":"","meta":{"_seopress_robots_primary_cat":"","_seopress_titles_title":"","_seopress_titles_desc":"","_seopress_robots_index":"","footnotes":""},"class_list":["post-64","page","type-page","status-publish","has-post-thumbnail","hentry","clearfix","post-index"],"jetpack_sharing_enabled":true,"_links":{"self":[{"href":"https:\/\/entreprise-bear.fr\/en\/wp-json\/wp\/v2\/pages\/64","targetHints":{"allow":["GET"]}}],"collection":[{"href":"https:\/\/entreprise-bear.fr\/en\/wp-json\/wp\/v2\/pages"}],"about":[{"href":"https:\/\/entreprise-bear.fr\/en\/wp-json\/wp\/v2\/types\/page"}],"author":[{"embeddable":true,"href":"https:\/\/entreprise-bear.fr\/en\/wp-json\/wp\/v2\/users\/1"}],"replies":[{"embeddable":true,"href":"https:\/\/entreprise-bear.fr\/en\/wp-json\/wp\/v2\/comments?post=64"}],"version-history":[{"count":1,"href":"https:\/\/entreprise-bear.fr\/en\/wp-json\/wp\/v2\/pages\/64\/revisions"}],"predecessor-version":[{"id":1316,"href":"https:\/\/entreprise-bear.fr\/en\/wp-json\/wp\/v2\/pages\/64\/revisions\/1316"}],"wp:featuredmedia":[{"embeddable":true,"href":"https:\/\/entreprise-bear.fr\/en\/wp-json\/wp\/v2\/media\/98"}],"wp:attachment":[{"href":"https:\/\/entreprise-bear.fr\/en\/wp-json\/wp\/v2\/media?parent=64"}],"curies":[{"name":"wp","href":"https:\/\/api.w.org\/{rel}","templated":true}]}}