{"id":192,"date":"2017-10-04T18:28:13","date_gmt":"2017-10-04T16:28:13","guid":{"rendered":"http:\/\/entreprise-bear.fr\/?page_id=192"},"modified":"2024-03-28T13:26:18","modified_gmt":"2024-03-28T12:26:18","slug":"references","status":"publish","type":"page","link":"https:\/\/entreprise-bear.fr\/en\/references\/","title":{"rendered":"References"},"content":{"rendered":"<h2>Airbus - Updating the suspended crane platforms to meet conformity regulations<\/h2>\n<p>Intervention on the roof terraces of the Airbus Defence and Space site in Toulouse.\nThe work consisted of placing saltire crosses at regular intervals along the roller track before modifying the anchors on the base studs.<\/p>\n<p><img fetchpriority=\"high\" decoding=\"async\" class=\"aligncenter wp-image-211\" src=\"http:\/\/entreprise-bear.fr\/wp-content\/uploads\/2017\/10\/Airbus-300x234.jpg\" alt=\"\" width=\"500\" height=\"389\" srcset=\"https:\/\/entreprise-bear.fr\/wp-content\/uploads\/2017\/10\/Airbus-300x234.jpg 300w, https:\/\/entreprise-bear.fr\/wp-content\/uploads\/2017\/10\/Airbus-768x598.jpg 768w, https:\/\/entreprise-bear.fr\/wp-content\/uploads\/2017\/10\/Airbus-594x463.jpg 594w, https:\/\/entreprise-bear.fr\/wp-content\/uploads\/2017\/10\/Airbus.jpg 1000w\" sizes=\"(max-width: 500px) 100vw, 500px\" \/><\/p>\n<p>To overcome the site's limitations, Entreprise BEAR improvised a workstation using mobile mounts\nalready on site. This then allowed us to use a magnetic drill, which made the rest of the intervention much\nmore efficient.<\/p>\n<p><img decoding=\"async\" class=\"aligncenter wp-image-212\" src=\"http:\/\/entreprise-bear.fr\/wp-content\/uploads\/2017\/10\/Airbus-2-300x204.jpg\" alt=\"\" width=\"500\" height=\"339\" srcset=\"https:\/\/entreprise-bear.fr\/wp-content\/uploads\/2017\/10\/Airbus-2-300x204.jpg 300w, https:\/\/entreprise-bear.fr\/wp-content\/uploads\/2017\/10\/Airbus-2-768x521.jpg 768w, https:\/\/entreprise-bear.fr\/wp-content\/uploads\/2017\/10\/Airbus-2-594x403.jpg 594w, https:\/\/entreprise-bear.fr\/wp-content\/uploads\/2017\/10\/Airbus-2.jpg 1000w\" sizes=\"(max-width: 500px) 100vw, 500px\" \/><\/p>\n<h2>Ch\u00e2teau de Thuir - Renovation of the roof<\/h2>\n<p>Work on Villa Palauda following a storm that caused a tree to fall on one of the villa's extensions. Once the tree had been cut down, the roof structure, drainage system and roof had to be rebuilt.<\/p>\n<div id='gallery-1' class='gallery galleryid-192 gallery-columns-3 gallery-size-medium'><figure class='gallery-item'>\n\t\t\t<div class='gallery-icon landscape'>\n\t\t\t\t<a href='https:\/\/entreprise-bear.fr\/wp-content\/uploads\/2020\/08\/0-scaled.jpg'><img decoding=\"async\" width=\"300\" height=\"225\" src=\"https:\/\/entreprise-bear.fr\/wp-content\/uploads\/2020\/08\/0-300x225.jpg\" class=\"attachment-medium size-medium\" alt=\"\" srcset=\"https:\/\/entreprise-bear.fr\/wp-content\/uploads\/2020\/08\/0-300x225.jpg 300w, https:\/\/entreprise-bear.fr\/wp-content\/uploads\/2020\/08\/0-1024x768.jpg 1024w, https:\/\/entreprise-bear.fr\/wp-content\/uploads\/2020\/08\/0-768x576.jpg 768w, https:\/\/entreprise-bear.fr\/wp-content\/uploads\/2020\/08\/0-1536x1152.jpg 1536w, https:\/\/entreprise-bear.fr\/wp-content\/uploads\/2020\/08\/0-2048x1536.jpg 2048w, https:\/\/entreprise-bear.fr\/wp-content\/uploads\/2020\/08\/0-1200x900.jpg 1200w, https:\/\/entreprise-bear.fr\/wp-content\/uploads\/2020\/08\/0-594x446.jpg 594w\" sizes=\"(max-width: 300px) 100vw, 300px\" \/><\/a>\n\t\t\t<\/div><\/figure><figure class='gallery-item'>\n\t\t\t<div class='gallery-icon landscape'>\n\t\t\t\t<a href='https:\/\/entreprise-bear.fr\/wp-content\/uploads\/2020\/08\/16-scaled-e1748267712366.jpg'><img loading=\"lazy\" decoding=\"async\" width=\"300\" height=\"261\" src=\"https:\/\/entreprise-bear.fr\/wp-content\/uploads\/2020\/08\/16-scaled-e1748267712366-300x261.jpg\" class=\"attachment-medium size-medium\" alt=\"\" srcset=\"https:\/\/entreprise-bear.fr\/wp-content\/uploads\/2020\/08\/16-scaled-e1748267712366-300x261.jpg 300w, https:\/\/entreprise-bear.fr\/wp-content\/uploads\/2020\/08\/16-scaled-e1748267712366-1024x891.jpg 1024w, https:\/\/entreprise-bear.fr\/wp-content\/uploads\/2020\/08\/16-scaled-e1748267712366-768x668.jpg 768w, https:\/\/entreprise-bear.fr\/wp-content\/uploads\/2020\/08\/16-scaled-e1748267712366-1536x1337.jpg 1536w, https:\/\/entreprise-bear.fr\/wp-content\/uploads\/2020\/08\/16-scaled-e1748267712366-2048x1782.jpg 2048w, https:\/\/entreprise-bear.fr\/wp-content\/uploads\/2020\/08\/16-scaled-e1748267712366-1200x1044.jpg 1200w, https:\/\/entreprise-bear.fr\/wp-content\/uploads\/2020\/08\/16-scaled-e1748267712366-594x517.jpg 594w, https:\/\/entreprise-bear.fr\/wp-content\/uploads\/2020\/08\/16-scaled-e1748267712366-14x12.jpg 14w\" sizes=\"(max-width: 300px) 100vw, 300px\" \/><\/a>\n\t\t\t<\/div><\/figure><figure class='gallery-item'>\n\t\t\t<div class='gallery-icon landscape'>\n\t\t\t\t<a href='https:\/\/entreprise-bear.fr\/wp-content\/uploads\/2020\/08\/org_59ab608977953f00_1563205570000-scaled.jpg'><img loading=\"lazy\" decoding=\"async\" width=\"300\" height=\"225\" src=\"https:\/\/entreprise-bear.fr\/wp-content\/uploads\/2020\/08\/org_59ab608977953f00_1563205570000-300x225.jpg\" class=\"attachment-medium size-medium\" alt=\"Terrasse zinc et toiture plomb\" srcset=\"https:\/\/entreprise-bear.fr\/wp-content\/uploads\/2020\/08\/org_59ab608977953f00_1563205570000-300x225.jpg 300w, https:\/\/entreprise-bear.fr\/wp-content\/uploads\/2020\/08\/org_59ab608977953f00_1563205570000-1024x768.jpg 1024w, https:\/\/entreprise-bear.fr\/wp-content\/uploads\/2020\/08\/org_59ab608977953f00_1563205570000-768x576.jpg 768w, https:\/\/entreprise-bear.fr\/wp-content\/uploads\/2020\/08\/org_59ab608977953f00_1563205570000-1536x1152.jpg 1536w, https:\/\/entreprise-bear.fr\/wp-content\/uploads\/2020\/08\/org_59ab608977953f00_1563205570000-2048x1536.jpg 2048w, https:\/\/entreprise-bear.fr\/wp-content\/uploads\/2020\/08\/org_59ab608977953f00_1563205570000-1200x900.jpg 1200w, https:\/\/entreprise-bear.fr\/wp-content\/uploads\/2020\/08\/org_59ab608977953f00_1563205570000-594x446.jpg 594w\" sizes=\"(max-width: 300px) 100vw, 300px\" \/><\/a>\n\t\t\t<\/div><\/figure><figure class='gallery-item'>\n\t\t\t<div class='gallery-icon landscape'>\n\t\t\t\t<a href='https:\/\/entreprise-bear.fr\/wp-content\/uploads\/2020\/08\/20-scaled.jpg'><img loading=\"lazy\" decoding=\"async\" width=\"300\" height=\"225\" src=\"https:\/\/entreprise-bear.fr\/wp-content\/uploads\/2020\/08\/20-300x225.jpg\" class=\"attachment-medium size-medium\" alt=\"Terrasse zinc et toiture plomb\" srcset=\"https:\/\/entreprise-bear.fr\/wp-content\/uploads\/2020\/08\/20-300x225.jpg 300w, https:\/\/entreprise-bear.fr\/wp-content\/uploads\/2020\/08\/20-1024x768.jpg 1024w, https:\/\/entreprise-bear.fr\/wp-content\/uploads\/2020\/08\/20-768x576.jpg 768w, https:\/\/entreprise-bear.fr\/wp-content\/uploads\/2020\/08\/20-1536x1152.jpg 1536w, https:\/\/entreprise-bear.fr\/wp-content\/uploads\/2020\/08\/20-2048x1536.jpg 2048w, https:\/\/entreprise-bear.fr\/wp-content\/uploads\/2020\/08\/20-1200x900.jpg 1200w, https:\/\/entreprise-bear.fr\/wp-content\/uploads\/2020\/08\/20-594x446.jpg 594w\" sizes=\"(max-width: 300px) 100vw, 300px\" \/><\/a>\n\t\t\t<\/div><\/figure><figure class='gallery-item'>\n\t\t\t<div class='gallery-icon landscape'>\n\t\t\t\t<a href='https:\/\/entreprise-bear.fr\/wp-content\/uploads\/2020\/01\/31.jpg'><img loading=\"lazy\" decoding=\"async\" width=\"300\" height=\"213\" src=\"https:\/\/entreprise-bear.fr\/wp-content\/uploads\/2020\/01\/31-300x213.jpg\" class=\"attachment-medium size-medium\" alt=\"\" srcset=\"https:\/\/entreprise-bear.fr\/wp-content\/uploads\/2020\/01\/31-300x213.jpg 300w, https:\/\/entreprise-bear.fr\/wp-content\/uploads\/2020\/01\/31-768x545.jpg 768w, https:\/\/entreprise-bear.fr\/wp-content\/uploads\/2020\/01\/31-1024x726.jpg 1024w, https:\/\/entreprise-bear.fr\/wp-content\/uploads\/2020\/01\/31-1200x851.jpg 1200w, https:\/\/entreprise-bear.fr\/wp-content\/uploads\/2020\/01\/31-594x421.jpg 594w\" sizes=\"(max-width: 300px) 100vw, 300px\" \/><\/a>\n\t\t\t<\/div><\/figure><figure class='gallery-item'>\n\t\t\t<div class='gallery-icon landscape'>\n\t\t\t\t<a href='https:\/\/entreprise-bear.fr\/wp-content\/uploads\/2020\/01\/29.jpg'><img loading=\"lazy\" decoding=\"async\" width=\"300\" height=\"225\" src=\"https:\/\/entreprise-bear.fr\/wp-content\/uploads\/2020\/01\/29-300x225.jpg\" class=\"attachment-medium size-medium\" alt=\"\" srcset=\"https:\/\/entreprise-bear.fr\/wp-content\/uploads\/2020\/01\/29-300x225.jpg 300w, https:\/\/entreprise-bear.fr\/wp-content\/uploads\/2020\/01\/29-768x576.jpg 768w, https:\/\/entreprise-bear.fr\/wp-content\/uploads\/2020\/01\/29-1024x768.jpg 1024w, https:\/\/entreprise-bear.fr\/wp-content\/uploads\/2020\/01\/29-1200x900.jpg 1200w, https:\/\/entreprise-bear.fr\/wp-content\/uploads\/2020\/01\/29-594x446.jpg 594w\" sizes=\"(max-width: 300px) 100vw, 300px\" \/><\/a>\n\t\t\t<\/div><\/figure>\n\t\t<\/div>\n\n<h2>Total - Roof access security<\/h2>\n<p>Intervention on the Boussens core repository. Most of the work related to preparing the lifelines. We also\ninstalled a cage ladder and a handrail system on access side of the building. The objective was to ensure\nthe safety of crossings.<\/p>\n<p><img loading=\"lazy\" decoding=\"async\" class=\"aligncenter wp-image-214\" src=\"http:\/\/entreprise-bear.fr\/wp-content\/uploads\/2017\/10\/total-300x169.jpg\" alt=\"\" width=\"500\" height=\"282\" srcset=\"https:\/\/entreprise-bear.fr\/wp-content\/uploads\/2017\/10\/total-300x169.jpg 300w, https:\/\/entreprise-bear.fr\/wp-content\/uploads\/2017\/10\/total-768x432.jpg 768w, https:\/\/entreprise-bear.fr\/wp-content\/uploads\/2017\/10\/total-594x334.jpg 594w, https:\/\/entreprise-bear.fr\/wp-content\/uploads\/2017\/10\/total.jpg 1000w\" sizes=\"(max-width: 500px) 100vw, 500px\" \/><\/p>\n<p>The aim of the work was to be able to control the smoke evacuation systems. To this end, lifelines had to be installed on each side of the ridge.  Because the ridge is over 200 metres long, there were expansion joints. It was therefore necessary to provide 3 wolf jumps to allow the building to be crossed from one side to the other.<\/p>\n<p><img loading=\"lazy\" decoding=\"async\" class=\"aligncenter wp-image-215 size-large\" src=\"http:\/\/entreprise-bear.fr\/wp-content\/uploads\/2017\/10\/total-2-1024x458.jpg\" alt=\"\" width=\"840\" height=\"376\" srcset=\"https:\/\/entreprise-bear.fr\/wp-content\/uploads\/2017\/10\/total-2-1024x458.jpg 1024w, https:\/\/entreprise-bear.fr\/wp-content\/uploads\/2017\/10\/total-2-300x134.jpg 300w, https:\/\/entreprise-bear.fr\/wp-content\/uploads\/2017\/10\/total-2-768x344.jpg 768w, https:\/\/entreprise-bear.fr\/wp-content\/uploads\/2017\/10\/total-2.jpg 1200w, https:\/\/entreprise-bear.fr\/wp-content\/uploads\/2017\/10\/total-2-594x266.jpg 594w\" sizes=\"(max-width: 840px) 100vw, 840px\" \/><\/p>\n<h2>C\u00e9moi - Securing workstations<\/h2>\n<p>Intervention on the Cantalou site in Rivesaltes. Our mission was to integrate a security system into\nexisting complex machinery.<\/p>\n<p><img loading=\"lazy\" decoding=\"async\" class=\"aligncenter wp-image-216\" src=\"http:\/\/entreprise-bear.fr\/wp-content\/uploads\/2017\/10\/c\u00e9moi-1-300x225.jpg\" alt=\"\" width=\"500\" height=\"375\" srcset=\"https:\/\/entreprise-bear.fr\/wp-content\/uploads\/2017\/10\/c\u00e9moi-1-300x225.jpg 300w, https:\/\/entreprise-bear.fr\/wp-content\/uploads\/2017\/10\/c\u00e9moi-1-768x576.jpg 768w, https:\/\/entreprise-bear.fr\/wp-content\/uploads\/2017\/10\/c\u00e9moi-1-594x446.jpg 594w, https:\/\/entreprise-bear.fr\/wp-content\/uploads\/2017\/10\/c\u00e9moi-1.jpg 1000w\" sizes=\"(max-width: 500px) 100vw, 500px\" \/><\/p>\n<p>Entreprise BEAR had to overcome a number difficulties. The first was to impact the production lines as\nlittle as possible. The second was compliance with the health and safety regulations associated with the site, namely the\nwearing of hygeine caps and overalls.<\/p>\n<p><img loading=\"lazy\" decoding=\"async\" class=\"aligncenter wp-image-217\" src=\"https:\/\/entreprise-bear.fr\/wp-content\/uploads\/2017\/10\/c\u00e9moi-2-768x1024.jpg\" alt=\"\" width=\"500\" height=\"667\" srcset=\"https:\/\/entreprise-bear.fr\/wp-content\/uploads\/2017\/10\/c\u00e9moi-2-768x1024.jpg 768w, https:\/\/entreprise-bear.fr\/wp-content\/uploads\/2017\/10\/c\u00e9moi-2-225x300.jpg 225w, https:\/\/entreprise-bear.fr\/wp-content\/uploads\/2017\/10\/c\u00e9moi-2-594x792.jpg 594w, https:\/\/entreprise-bear.fr\/wp-content\/uploads\/2017\/10\/c\u00e9moi-2.jpg 1000w\" sizes=\"(max-width: 500px) 100vw, 500px\" \/><\/p>","protected":false},"excerpt":{"rendered":"<p>Airbus &#8211; Mise en conformit\u00e9 des chemins de roulement des nacelles suspendues Intervention sur les toits-terrasses du site Airbus D\u00e9fense And Space de Toulouse. Les travaux consistaient \u00e0 la mise en place de croix de Saint-Andr\u00e9 \u00e0 intervalles r\u00e9guliers le long du chemin de roulement. Dans un deuxi\u00e8me temps, nous avons proc\u00e9d\u00e9 \u00e0 la modification [&hellip;]<\/p>\n","protected":false},"author":1,"featured_media":1417,"parent":0,"menu_order":0,"comment_status":"closed","ping_status":"closed","template":"","meta":{"_seopress_robots_primary_cat":"","_seopress_titles_title":"","_seopress_titles_desc":"","_seopress_robots_index":"","footnotes":""},"class_list":["post-192","page","type-page","status-publish","has-post-thumbnail","hentry","clearfix","post-index"],"jetpack_sharing_enabled":true,"_links":{"self":[{"href":"https:\/\/entreprise-bear.fr\/en\/wp-json\/wp\/v2\/pages\/192","targetHints":{"allow":["GET"]}}],"collection":[{"href":"https:\/\/entreprise-bear.fr\/en\/wp-json\/wp\/v2\/pages"}],"about":[{"href":"https:\/\/entreprise-bear.fr\/en\/wp-json\/wp\/v2\/types\/page"}],"author":[{"embeddable":true,"href":"https:\/\/entreprise-bear.fr\/en\/wp-json\/wp\/v2\/users\/1"}],"replies":[{"embeddable":true,"href":"https:\/\/entreprise-bear.fr\/en\/wp-json\/wp\/v2\/comments?post=192"}],"version-history":[{"count":1,"href":"https:\/\/entreprise-bear.fr\/en\/wp-json\/wp\/v2\/pages\/192\/revisions"}],"predecessor-version":[{"id":1288,"href":"https:\/\/entreprise-bear.fr\/en\/wp-json\/wp\/v2\/pages\/192\/revisions\/1288"}],"wp:featuredmedia":[{"embeddable":true,"href":"https:\/\/entreprise-bear.fr\/en\/wp-json\/wp\/v2\/media\/1417"}],"wp:attachment":[{"href":"https:\/\/entreprise-bear.fr\/en\/wp-json\/wp\/v2\/media?parent=192"}],"curies":[{"name":"wp","href":"https:\/\/api.w.org\/{rel}","templated":true}]}}