{"id":1613,"date":"2025-03-03T11:48:12","date_gmt":"2025-03-03T10:48:12","guid":{"rendered":"https:\/\/entreprise-bear.fr\/?page_id=1613"},"modified":"2025-03-25T09:59:15","modified_gmt":"2025-03-25T08:59:15","slug":"qui-sommes-nous","status":"publish","type":"page","link":"https:\/\/entreprise-bear.fr\/en\/qui-sommes-nous\/","title":{"rendered":"About us"},"content":{"rendered":"<div data-elementor-type=\"wp-page\" data-elementor-id=\"1613\" class=\"elementor elementor-1613\">\n\t\t\t\t<div class=\"elementor-element elementor-element-c99ce06 e-flex e-con-boxed e-con e-parent\" data-id=\"c99ce06\" data-element_type=\"container\" data-settings=\"{&quot;background_background&quot;:&quot;classic&quot;,&quot;jet_parallax_layout_list&quot;:[]}\">\n\t\t\t\t\t<div class=\"e-con-inner\">\n\t\t\t\t<div class=\"elementor-element elementor-element-7587040 elementor-widget elementor-widget-heading\" data-id=\"7587040\" data-element_type=\"widget\" data-widget_type=\"heading.default\">\n\t\t\t\t<div class=\"elementor-widget-container\">\n\t\t\t\t\t<h1 class=\"elementor-heading-title elementor-size-default\">About us <\/h1>\t\t\t\t<\/div>\n\t\t\t\t<\/div>\n\t\t\t\t\t<\/div>\n\t\t\t\t<\/div>\n\t\t<div class=\"elementor-element elementor-element-3556bb9 e-flex e-con-boxed e-con e-parent\" data-id=\"3556bb9\" data-element_type=\"container\" data-settings=\"{&quot;jet_parallax_layout_list&quot;:[]}\">\n\t\t\t\t\t<div class=\"e-con-inner\">\n\t\t\t\t<div class=\"elementor-element elementor-element-65cde4f elementor-widget elementor-widget-text-editor\" data-id=\"65cde4f\" data-element_type=\"widget\" data-widget_type=\"text-editor.default\">\n\t\t\t\t<div class=\"elementor-widget-container\">\n\t\t\t\t\t\t\t\t\t<p>Founded in 2015, Entreprise Bear is a roofing and masonry company based in Perpignan, offering its services throughout the Pyr\u00e9n\u00e9es-Orientales region (66). Specialising in the installation and repair of roofs, general masonry, zinc work and insulation, our company provides high-quality services, combining expertise and professionalism.<\/p><p>With 25 years of experience, our manager and our qualified roofers and masons offer a wide range of services, including the installation of interlocking tiles, canal tiles, flat tiles, steel roofing and natural slate roofing. We also offer leak detection, repair and roof cleaning services. Our RGE certification from Qualibat allows us to carry out roof insulation work from both the outside and the inside. Whether you are a professional or a private individual, we take care of all your roofing and general masonry work, whether for house extensions, terrace construction or outbuildings. Our work is covered by a ten-year guarantee.<\/p><p>We also offer roof window installation and replacement services, as well as carpentry work for renovation or new construction projects. We can carry out roof inspections to assess the condition of your installations.<\/p><p>Our teams of qualified roofers and masons are committed to providing high-quality services, whether for the creation of new structures, the construction of new spaces, or the renovation of a roof. We are proud of our expertise and the attention we pay to each project, and we strive to offer you impeccable service at every stage.<\/p>\t\t\t\t\t\t\t\t<\/div>\n\t\t\t\t<\/div>\n\t\t\t\t\t<\/div>\n\t\t\t\t<\/div>\n\t\t\t\t<\/div>","protected":false},"excerpt":{"rendered":"<p>Qui sommes-nous Fond\u00e9e en 2015, l\u2019Entreprise Bear est une soci\u00e9t\u00e9 de couverture et de ma\u00e7onnerie \u00e9tablie \u00e0 Perpignan, offrant ses services dans toute la r\u00e9gion des Pyr\u00e9n\u00e9es-Orientales (66). Sp\u00e9cialis\u00e9e dans la pose et la r\u00e9paration de toitures, la ma\u00e7onnerie g\u00e9n\u00e9rale, la zinguerie et l\u2019isolation, notre entreprise vous assure des prestations de haute qualit\u00e9, alliant savoir-faire [&hellip;]<\/p>\n","protected":false},"author":4,"featured_media":0,"parent":0,"menu_order":0,"comment_status":"closed","ping_status":"closed","template":"elementor_header_footer","meta":{"_seopress_robots_primary_cat":"","_seopress_titles_title":"","_seopress_titles_desc":"","_seopress_robots_index":"","footnotes":""},"class_list":["post-1613","page","type-page","status-publish","hentry","clearfix","post-index"],"jetpack_sharing_enabled":true,"_links":{"self":[{"href":"https:\/\/entreprise-bear.fr\/en\/wp-json\/wp\/v2\/pages\/1613","targetHints":{"allow":["GET"]}}],"collection":[{"href":"https:\/\/entreprise-bear.fr\/en\/wp-json\/wp\/v2\/pages"}],"about":[{"href":"https:\/\/entreprise-bear.fr\/en\/wp-json\/wp\/v2\/types\/page"}],"author":[{"embeddable":true,"href":"https:\/\/entreprise-bear.fr\/en\/wp-json\/wp\/v2\/users\/4"}],"replies":[{"embeddable":true,"href":"https:\/\/entreprise-bear.fr\/en\/wp-json\/wp\/v2\/comments?post=1613"}],"version-history":[{"count":10,"href":"https:\/\/entreprise-bear.fr\/en\/wp-json\/wp\/v2\/pages\/1613\/revisions"}],"predecessor-version":[{"id":2074,"href":"https:\/\/entreprise-bear.fr\/en\/wp-json\/wp\/v2\/pages\/1613\/revisions\/2074"}],"wp:attachment":[{"href":"https:\/\/entreprise-bear.fr\/en\/wp-json\/wp\/v2\/media?parent=1613"}],"curies":[{"name":"wp","href":"https:\/\/api.w.org\/{rel}","templated":true}]}}