{"id":1544,"date":"2025-03-03T10:39:06","date_gmt":"2025-03-03T09:39:06","guid":{"rendered":"https:\/\/entreprise-bear.fr\/?page_id=1544"},"modified":"2025-10-06T10:54:40","modified_gmt":"2025-10-06T08:54:40","slug":"travaux-de-couverture","status":"publish","type":"page","link":"https:\/\/entreprise-bear.fr\/en\/travaux-de-couverture\/","title":{"rendered":"Roofing work"},"content":{"rendered":"<div data-elementor-type=\"wp-page\" data-elementor-id=\"1544\" class=\"elementor elementor-1544\">\n\t\t\t\t<div class=\"elementor-element elementor-element-7ffcd0b e-flex e-con-boxed e-con e-parent\" data-id=\"7ffcd0b\" data-element_type=\"container\" data-settings=\"{&quot;background_background&quot;:&quot;classic&quot;,&quot;jet_parallax_layout_list&quot;:[]}\">\n\t\t\t\t\t<div class=\"e-con-inner\">\n\t\t\t\t<div class=\"elementor-element elementor-element-b75e2e1 elementor-widget elementor-widget-heading\" data-id=\"b75e2e1\" data-element_type=\"widget\" data-widget_type=\"heading.default\">\n\t\t\t\t<div class=\"elementor-widget-container\">\n\t\t\t\t\t<h1 class=\"elementor-heading-title elementor-size-default\">Your roofing specialist <br>dans les Pyr\u00e9n\u00e9es-Orientales<\/h1>\t\t\t\t<\/div>\n\t\t\t\t<\/div>\n\t\t\t\t\t<\/div>\n\t\t\t\t<\/div>\n\t\t<div class=\"elementor-element elementor-element-31c511f e-flex e-con-boxed e-con e-parent\" data-id=\"31c511f\" data-element_type=\"container\" data-settings=\"{&quot;jet_parallax_layout_list&quot;:[]}\">\n\t\t\t\t\t<div class=\"e-con-inner\">\n\t\t\t\t<div class=\"elementor-element elementor-element-f091909 elementor-widget elementor-widget-text-editor\" data-id=\"f091909\" data-element_type=\"widget\" data-widget_type=\"text-editor.default\">\n\t\t\t\t<div class=\"elementor-widget-container\">\n\t\t\t\t\t\t\t\t\t<p>Entreprise Bear offers its expertise to <b>individuals, professionals and local authorities<\/b> for all your <b>roofing work<\/b> in Perpignan and the Pyr\u00e9n\u00e9es-Orientales region.<\/p><p style=\"padding-left: 40px;\"><b>Installation of a new roof<\/b><br \/><b>Roof renovation and repair<\/b><br \/><b>Roof insulation and waterproofing<\/b><br \/><b>Moss removal and preventive maintenance<br \/>Zinc work \u2013 gutter repair and installation<br \/>Installation of Velux\u00ae windows<\/b><\/p><p>With over <b>25 years of experience<\/b>, we guarantee meticulous workmanship that complies with current standards, using high-quality materials suited to your building.<\/p>\t\t\t\t\t\t\t\t<\/div>\n\t\t\t\t<\/div>\n\t\t\t\t\t<\/div>\n\t\t\t\t<\/div>\n\t\t<div class=\"elementor-element elementor-element-ef2104a e-flex e-con-boxed e-con e-parent\" data-id=\"ef2104a\" data-element_type=\"container\" data-settings=\"{&quot;jet_parallax_layout_list&quot;:[]}\">\n\t\t\t\t\t<div class=\"e-con-inner\">\n\t\t<div class=\"elementor-element elementor-element-fcefff7 e-con-full e-flex e-con e-child\" data-id=\"fcefff7\" data-element_type=\"container\" data-settings=\"{&quot;jet_parallax_layout_list&quot;:[]}\">\n\t\t\t\t<div class=\"elementor-element elementor-element-9241be0 elementor-widget elementor-widget-image\" data-id=\"9241be0\" data-element_type=\"widget\" data-widget_type=\"image.default\">\n\t\t\t\t<div class=\"elementor-widget-container\">\n\t\t\t\t\t\t\t\t\t\t\t\t\t\t\t\t<a href=\"https:\/\/entreprise-bear.fr\/en\/couverture\/\">\n\t\t\t\t\t\t\t<img fetchpriority=\"high\" decoding=\"async\" width=\"630\" height=\"415\" src=\"https:\/\/entreprise-bear.fr\/wp-content\/uploads\/2025\/03\/Couverture2-630x415.jpg\" class=\"attachment-businessx-tmb-portfolio size-businessx-tmb-portfolio wp-image-1725\" alt=\"\" srcset=\"https:\/\/entreprise-bear.fr\/wp-content\/uploads\/2025\/03\/Couverture2-630x415.jpg 630w, https:\/\/entreprise-bear.fr\/wp-content\/uploads\/2025\/03\/Couverture2-16x12.jpg 16w\" sizes=\"(max-width: 630px) 100vw, 630px\" \/>\t\t\t\t\t\t\t\t<\/a>\n\t\t\t\t\t\t\t\t\t\t\t\t\t\t\t<\/div>\n\t\t\t\t<\/div>\n\t\t\t\t<div class=\"elementor-element elementor-element-d2354f0 elementor-align-center elementor-widget elementor-widget-button\" data-id=\"d2354f0\" data-element_type=\"widget\" data-widget_type=\"button.default\">\n\t\t\t\t<div class=\"elementor-widget-container\">\n\t\t\t\t\t\t\t\t\t<div class=\"elementor-button-wrapper\">\n\t\t\t\t\t<a class=\"elementor-button elementor-button-link elementor-size-sm\" href=\"https:\/\/entreprise-bear.fr\/en\/couverture\/\">\n\t\t\t\t\t\t<span class=\"elementor-button-content-wrapper\">\n\t\t\t\t\t\t\t\t\t<span class=\"elementor-button-text\">Roof renovation and maintenance<\/span>\n\t\t\t\t\t<\/span>\n\t\t\t\t\t<\/a>\n\t\t\t\t<\/div>\n\t\t\t\t\t\t\t\t<\/div>\n\t\t\t\t<\/div>\n\t\t\t\t<\/div>\n\t\t<div class=\"elementor-element elementor-element-e957daf e-con-full e-flex e-con e-child\" data-id=\"e957daf\" data-element_type=\"container\" data-settings=\"{&quot;jet_parallax_layout_list&quot;:[]}\">\n\t\t\t\t<div class=\"elementor-element elementor-element-66db68e elementor-widget elementor-widget-image\" data-id=\"66db68e\" data-element_type=\"widget\" data-widget_type=\"image.default\">\n\t\t\t\t<div class=\"elementor-widget-container\">\n\t\t\t\t\t\t\t\t\t\t\t\t\t\t\t\t<a href=\"https:\/\/entreprise-bear.fr\/en\/diagnostic-reparation-de-toiture-perpignan\/\">\n\t\t\t\t\t\t\t<img decoding=\"async\" width=\"630\" height=\"415\" src=\"https:\/\/entreprise-bear.fr\/wp-content\/uploads\/2025\/03\/f5eb50c9-e566-4260-893c-fa1706e755bc-e1744032731243-630x415.jpg\" class=\"attachment-businessx-tmb-portfolio size-businessx-tmb-portfolio wp-image-2276\" alt=\"\" \/>\t\t\t\t\t\t\t\t<\/a>\n\t\t\t\t\t\t\t\t\t\t\t\t\t\t\t<\/div>\n\t\t\t\t<\/div>\n\t\t\t\t<div class=\"elementor-element elementor-element-53d7de2 elementor-align-center elementor-widget elementor-widget-button\" data-id=\"53d7de2\" data-element_type=\"widget\" data-widget_type=\"button.default\">\n\t\t\t\t<div class=\"elementor-widget-container\">\n\t\t\t\t\t\t\t\t\t<div class=\"elementor-button-wrapper\">\n\t\t\t\t\t<a class=\"elementor-button elementor-button-link elementor-size-sm\" href=\"https:\/\/entreprise-bear.fr\/en\/diagnostic-reparation-de-toiture-perpignan\/\">\n\t\t\t\t\t\t<span class=\"elementor-button-content-wrapper\">\n\t\t\t\t\t\t\t\t\t<span class=\"elementor-button-text\">Roof diagnosis and repair<\/span>\n\t\t\t\t\t<\/span>\n\t\t\t\t\t<\/a>\n\t\t\t\t<\/div>\n\t\t\t\t\t\t\t\t<\/div>\n\t\t\t\t<\/div>\n\t\t\t\t<\/div>\n\t\t<div class=\"elementor-element elementor-element-6bc21bb e-con-full e-flex e-con e-child\" data-id=\"6bc21bb\" data-element_type=\"container\" data-settings=\"{&quot;jet_parallax_layout_list&quot;:[]}\">\n\t\t\t\t<div class=\"elementor-element elementor-element-6eaee17 elementor-widget elementor-widget-image\" data-id=\"6eaee17\" data-element_type=\"widget\" data-widget_type=\"image.default\">\n\t\t\t\t<div class=\"elementor-widget-container\">\n\t\t\t\t\t\t\t\t\t\t\t\t\t\t\t\t<a href=\"https:\/\/entreprise-bear.fr\/en\/reparation-et-pose-de-gouttieres-dans-les-pyrenees-orientales-66\/\">\n\t\t\t\t\t\t\t<img decoding=\"async\" width=\"630\" height=\"415\" src=\"https:\/\/entreprise-bear.fr\/wp-content\/uploads\/2020\/08\/16-scaled-e1748267712366-630x415.jpg\" class=\"attachment-businessx-tmb-portfolio size-businessx-tmb-portfolio wp-image-499\" alt=\"\" \/>\t\t\t\t\t\t\t\t<\/a>\n\t\t\t\t\t\t\t\t\t\t\t\t\t\t\t<\/div>\n\t\t\t\t<\/div>\n\t\t\t\t<div class=\"elementor-element elementor-element-896cfeb elementor-align-center elementor-widget elementor-widget-button\" data-id=\"896cfeb\" data-element_type=\"widget\" data-widget_type=\"button.default\">\n\t\t\t\t<div class=\"elementor-widget-container\">\n\t\t\t\t\t\t\t\t\t<div class=\"elementor-button-wrapper\">\n\t\t\t\t\t<a class=\"elementor-button elementor-button-link elementor-size-sm\" href=\"https:\/\/entreprise-bear.fr\/en\/reparation-et-pose-de-gouttieres-dans-les-pyrenees-orientales-66\/\">\n\t\t\t\t\t\t<span class=\"elementor-button-content-wrapper\">\n\t\t\t\t\t\t\t\t\t<span class=\"elementor-button-text\">Zinguerie - r\u00e9paration et pose de gouti\u00e8res<\/span>\n\t\t\t\t\t<\/span>\n\t\t\t\t\t<\/a>\n\t\t\t\t<\/div>\n\t\t\t\t\t\t\t\t<\/div>\n\t\t\t\t<\/div>\n\t\t\t\t<\/div>\n\t\t<div class=\"elementor-element elementor-element-0407c4e e-con-full e-flex e-con e-child\" data-id=\"0407c4e\" data-element_type=\"container\" data-settings=\"{&quot;jet_parallax_layout_list&quot;:[]}\">\n\t\t\t\t<div class=\"elementor-element elementor-element-5ecb185 elementor-widget elementor-widget-image\" data-id=\"5ecb185\" data-element_type=\"widget\" data-widget_type=\"image.default\">\n\t\t\t\t<div class=\"elementor-widget-container\">\n\t\t\t\t\t\t\t\t\t\t\t\t\t\t\t\t<a href=\"https:\/\/entreprise-bear.fr\/en\/installateur-velux\/\">\n\t\t\t\t\t\t\t<img loading=\"lazy\" decoding=\"async\" width=\"630\" height=\"415\" src=\"https:\/\/entreprise-bear.fr\/wp-content\/uploads\/2025\/03\/Couverture_-Velux2-630x415.jpg\" class=\"attachment-businessx-tmb-portfolio size-businessx-tmb-portfolio wp-image-1835\" alt=\"\" srcset=\"https:\/\/entreprise-bear.fr\/wp-content\/uploads\/2025\/03\/Couverture_-Velux2-630x415.jpg 630w, https:\/\/entreprise-bear.fr\/wp-content\/uploads\/2025\/03\/Couverture_-Velux2-16x12.jpg 16w\" sizes=\"(max-width: 630px) 100vw, 630px\" \/>\t\t\t\t\t\t\t\t<\/a>\n\t\t\t\t\t\t\t\t\t\t\t\t\t\t\t<\/div>\n\t\t\t\t<\/div>\n\t\t\t\t<div class=\"elementor-element elementor-element-a481d22 elementor-align-center elementor-widget elementor-widget-button\" data-id=\"a481d22\" data-element_type=\"widget\" data-widget_type=\"button.default\">\n\t\t\t\t<div class=\"elementor-widget-container\">\n\t\t\t\t\t\t\t\t\t<div class=\"elementor-button-wrapper\">\n\t\t\t\t\t<a class=\"elementor-button elementor-button-link elementor-size-sm\" href=\"https:\/\/entreprise-bear.fr\/en\/installateur-velux\/\">\n\t\t\t\t\t\t<span class=\"elementor-button-content-wrapper\">\n\t\t\t\t\t\t\t\t\t<span class=\"elementor-button-text\">Installation of Velux\u00ae windows<\/span>\n\t\t\t\t\t<\/span>\n\t\t\t\t\t<\/a>\n\t\t\t\t<\/div>\n\t\t\t\t\t\t\t\t<\/div>\n\t\t\t\t<\/div>\n\t\t\t\t<\/div>\n\t\t\t\t\t<\/div>\n\t\t\t\t<\/div>\n\t\t<div class=\"elementor-element elementor-element-411a2c1 e-flex e-con-boxed e-con e-parent\" data-id=\"411a2c1\" data-element_type=\"container\" data-settings=\"{&quot;jet_parallax_layout_list&quot;:[]}\">\n\t\t\t\t\t<div class=\"e-con-inner\">\n\t\t\t\t\t<\/div>\n\t\t\t\t<\/div>\n\t\t\t\t<\/div>","protected":false},"excerpt":{"rendered":"<p>Votre sp\u00e9cialiste de travaux de couverture dans les Pyr\u00e9n\u00e9es-Orientales L&rsquo;Entreprise Bear met son expertise au service des particuliers, professionnels et collectivit\u00e9s locales pour tous vos travaux de couverture \u00e0 Perpignan et dans les Pyr\u00e9n\u00e9es-Orientales. Pose de toiture neuveR\u00e9novation et r\u00e9paration de toitureIsolation et \u00e9tanch\u00e9it\u00e9 des toituresD\u00e9moussage et entretien pr\u00e9ventifZinguerie &#8211; r\u00e9paration et pose de goutti\u00e8resPose [&hellip;]<\/p>\n","protected":false},"author":4,"featured_media":0,"parent":0,"menu_order":0,"comment_status":"closed","ping_status":"closed","template":"elementor_header_footer","meta":{"_seopress_robots_primary_cat":"","_seopress_titles_title":"","_seopress_titles_desc":"","_seopress_robots_index":"","footnotes":""},"class_list":["post-1544","page","type-page","status-publish","hentry","clearfix","post-index"],"jetpack_sharing_enabled":true,"_links":{"self":[{"href":"https:\/\/entreprise-bear.fr\/en\/wp-json\/wp\/v2\/pages\/1544","targetHints":{"allow":["GET"]}}],"collection":[{"href":"https:\/\/entreprise-bear.fr\/en\/wp-json\/wp\/v2\/pages"}],"about":[{"href":"https:\/\/entreprise-bear.fr\/en\/wp-json\/wp\/v2\/types\/page"}],"author":[{"embeddable":true,"href":"https:\/\/entreprise-bear.fr\/en\/wp-json\/wp\/v2\/users\/4"}],"replies":[{"embeddable":true,"href":"https:\/\/entreprise-bear.fr\/en\/wp-json\/wp\/v2\/comments?post=1544"}],"version-history":[{"count":124,"href":"https:\/\/entreprise-bear.fr\/en\/wp-json\/wp\/v2\/pages\/1544\/revisions"}],"predecessor-version":[{"id":2455,"href":"https:\/\/entreprise-bear.fr\/en\/wp-json\/wp\/v2\/pages\/1544\/revisions\/2455"}],"wp:attachment":[{"href":"https:\/\/entreprise-bear.fr\/en\/wp-json\/wp\/v2\/media?parent=1544"}],"curies":[{"name":"wp","href":"https:\/\/api.w.org\/{rel}","templated":true}]}}