{"id":121,"date":"2017-09-19T16:01:48","date_gmt":"2017-09-19T14:01:48","guid":{"rendered":"http:\/\/entreprise-bear.fr\/?page_id=121"},"modified":"2025-03-25T10:55:50","modified_gmt":"2025-03-25T09:55:50","slug":"recrutement","status":"publish","type":"page","link":"https:\/\/entreprise-bear.fr\/en\/recrutement\/","title":{"rendered":"Recruitment"},"content":{"rendered":"<p>Joining our team implies a commitment to a high standard of work, a rigorous approach and the desire to\ndo well and progress.\nAlways in the field ourselves, by rolling up our sleeves and leading by example, we will support and\nassist you in forging a positive, fulfilling career.<\/p>\n<p>We are recruiting in all areas of construction<\/p>\n<p>Merci de remplir le formulaire suivant :<\/p>\n<div class=\"forminator-ui forminator-custom-form forminator-custom-form-583 forminator-design--default  forminator_ajax\" data-forminator-render=\"0\" data-form=\"forminator-module-583\" data-uid=\"69e87423304ba\"><br\/><\/div><form\n\t\t\t\tid=\"forminator-module-583\"\n\t\t\t\tclass=\"forminator-ui forminator-custom-form forminator-custom-form-583 forminator-design--default  forminator_ajax\"\n\t\t\t\tmethod=\"post\"\n\t\t\t\tdata-forminator-render=\"0\"\n\t\t\t\tdata-form-id=\"583\"\n\t\t\t\tenctype=\"multipart\/form-data\" data-color-option=\"default\" data-design=\"default\" data-grid=\"open\" style=\"display: none;\"\n\t\t\t\tdata-uid=\"69e87423304ba\" action=\"\"\n\t\t\t><div role=\"alert\" aria-live=\"polite\" class=\"forminator-response-message forminator-error\" aria-hidden=\"true\"><\/div><div class=\"forminator-row\"><div id=\"text-1\" class=\"forminator-field-text forminator-col forminator-col-12\"><div class=\"forminator-field\"><label for=\"forminator-field-text-1_69e87423304ba\" id=\"forminator-field-text-1_69e87423304ba-label\" class=\"forminator-label\">Your Name (required) <span class=\"forminator-required\">*<\/span><\/label><input type=\"text\" name=\"text-1\" value=\"\" placeholder=\"\" id=\"forminator-field-text-1_69e87423304ba\" class=\"forminator-input forminator-name--field\" data-required=\"1\" \/><\/div><\/div><\/div><div class=\"forminator-row\"><div id=\"text-2\" class=\"forminator-field-text forminator-col forminator-col-12\"><div class=\"forminator-field\"><label for=\"forminator-field-text-2_69e87423304ba\" id=\"forminator-field-text-2_69e87423304ba-label\" class=\"forminator-label\">Your first name (required) <span class=\"forminator-required\">*<\/span><\/label><input type=\"text\" name=\"text-2\" value=\"\" placeholder=\"\" id=\"forminator-field-text-2_69e87423304ba\" class=\"forminator-input forminator-name--field\" data-required=\"1\" \/><\/div><\/div><\/div><div class=\"forminator-row\"><div id=\"phone-1\" class=\"forminator-field-phone forminator-col forminator-col-12\"><div class=\"forminator-field\"><label for=\"forminator-field-phone-1_69e87423304ba\" id=\"forminator-field-phone-1_69e87423304ba-label\" class=\"forminator-label\">Telephone (required) <span class=\"forminator-required\">*<\/span><\/label><input type=\"text\" name=\"phone-1\" value=\"\" placeholder=\"\" id=\"forminator-field-phone-1_69e87423304ba\" class=\"forminator-input forminator-field--phone\" data-required=\"1\" aria-required=\"true\" autocomplete=\"off\" \/><\/div><\/div><\/div><div class=\"forminator-row\"><div id=\"email-1\" class=\"forminator-field-email forminator-col forminator-col-12\"><div class=\"forminator-field\"><label for=\"forminator-field-email-1_69e87423304ba\" id=\"forminator-field-email-1_69e87423304ba-label\" class=\"forminator-label\">Email (required) <span class=\"forminator-required\">*<\/span><\/label><input type=\"email\" name=\"email-1\" value=\"\" placeholder=\"\" id=\"forminator-field-email-1_69e87423304ba\" class=\"forminator-input forminator-email--field\" data-required=\"1\" aria-required=\"true\" autocomplete=\"email\" \/><\/div><\/div><\/div><div class=\"forminator-row\"><div id=\"upload-1\" class=\"forminator-field-upload forminator-col forminator-col-12\"><div class=\"forminator-field\"><label for=\"forminator-field-upload-1_69e87423304ba\" id=\"forminator-field-upload-1_69e87423304ba-label\" class=\"forminator-label\">Your CV (required) <span class=\"forminator-required\">*<\/span><\/label><div class=\"forminator-file-upload\" data-element=\"upload-1_69e87423304ba\"><input type=\"file\" name=\"upload-1\" id=\"forminator-field-upload-1_69e87423304ba\" class=\"forminator-input-file-required do-validate\" accept=\".png,.jpg,.jpeg,.jpe,.docx,.doc,.pdf,.odt\" tabindex=\"-1\"><button id=\"forminator-field-upload-1_69e87423304ba_button\" class=\"forminator-button forminator-button-upload\" data-id=\"forminator-field-upload-1_69e87423304ba\">Choose File<\/button><span data-empty-text=\"No file chosen\">No file chosen<\/span><button class=\"forminator-button-delete\" style=\"display: none;\"><i class=\"forminator-icon-close\" aria-hidden=\"true\"><\/i><span class=\"forminator-screen-reader-only\">Delete uploaded file<\/span><\/button><\/div><\/div><\/div><\/div><div class=\"forminator-row\"><div id=\"textarea-1\" class=\"forminator-field-textarea forminator-col forminator-col-12\"><div class=\"forminator-field\"><label for=\"forminator-field-textarea-1_69e87423304ba\" id=\"forminator-field-textarea-1_69e87423304ba-label\" class=\"forminator-label\">Please briefly describe your motivation:<\/label><textarea name=\"textarea-1\" placeholder=\"\" id=\"forminator-field-textarea-1_69e87423304ba\" class=\"forminator-textarea\" rows=\"6\" style=\"--forminator-textarea-min-height:140px;\" ><\/textarea><\/div><\/div><\/div><div class=\"forminator-row\"><div id=\"captcha-1\" class=\"forminator-field-captcha forminator-col forminator-col-12\"><div class=\"forminator-captcha-left forminator-g-recaptcha recaptcha-invisible\" data-theme=\"light\" data-badge=\"inline\" data-sitekey=\"6Ldk8DYrAAAAAMAS0PNfdwQ8Asx2tcLm2Hu8UZTv\" data-size=\"invisible\"><\/div> <\/div><\/div><input type=\"hidden\" name=\"referer_url\" value=\"\" \/><div class=\"forminator-row forminator-row-last\"><div class=\"forminator-col\"><div class=\"forminator-field\"><button class=\"forminator-button forminator-button-submit\">Send<\/button><\/div><\/div><\/div><input type=\"hidden\" id=\"forminator_nonce\" name=\"forminator_nonce\" value=\"f2e2ae7cd4\" \/><input type=\"hidden\" name=\"_wp_http_referer\" value=\"\/en\/wp-json\/wp\/v2\/pages\/121\" \/><input type=\"hidden\" name=\"form_id\" value=\"583\"><input type=\"hidden\" name=\"page_id\" value=\"121\"><input type=\"hidden\" name=\"form_type\" value=\"default\"><input type=\"hidden\" name=\"current_url\" value=\"https:\/\/entreprise-bear.fr\/en\/recrutement\/\"><input type=\"hidden\" name=\"render_id\" value=\"0\"><input type=\"hidden\" name=\"action\" value=\"forminator_submit_form_custom-forms\"><input type=\"hidden\" name=\"trp-form-language\" value=\"en\"\/><\/form>","protected":false},"excerpt":{"rendered":"<p>Int\u00e9grer notre \u00e9quipe implique l&rsquo;engagement d&rsquo;un travail de qualit\u00e9, la rigueur et l&rsquo;envie de bien faire, sinon de progresser. Proches du terrain et de ses r\u00e9alit\u00e9s, nous saurons vous accompagner et vous soutenir pour un parcours professionnel constructif. Nous recrutons dans tous les domaines du b\u00e2timent. Merci de remplir le formulaire suivant :<\/p>","protected":false},"author":1,"featured_media":170,"parent":0,"menu_order":0,"comment_status":"closed","ping_status":"closed","template":"","meta":{"_seopress_robots_primary_cat":"","_seopress_titles_title":"","_seopress_titles_desc":"","_seopress_robots_index":"","footnotes":""},"class_list":["post-121","page","type-page","status-publish","has-post-thumbnail","hentry","clearfix","post-index"],"jetpack_sharing_enabled":true,"_links":{"self":[{"href":"https:\/\/entreprise-bear.fr\/en\/wp-json\/wp\/v2\/pages\/121","targetHints":{"allow":["GET"]}}],"collection":[{"href":"https:\/\/entreprise-bear.fr\/en\/wp-json\/wp\/v2\/pages"}],"about":[{"href":"https:\/\/entreprise-bear.fr\/en\/wp-json\/wp\/v2\/types\/page"}],"author":[{"embeddable":true,"href":"https:\/\/entreprise-bear.fr\/en\/wp-json\/wp\/v2\/users\/1"}],"replies":[{"embeddable":true,"href":"https:\/\/entreprise-bear.fr\/en\/wp-json\/wp\/v2\/comments?post=121"}],"version-history":[{"count":2,"href":"https:\/\/entreprise-bear.fr\/en\/wp-json\/wp\/v2\/pages\/121\/revisions"}],"predecessor-version":[{"id":2134,"href":"https:\/\/entreprise-bear.fr\/en\/wp-json\/wp\/v2\/pages\/121\/revisions\/2134"}],"wp:featuredmedia":[{"embeddable":true,"href":"https:\/\/entreprise-bear.fr\/en\/wp-json\/wp\/v2\/media\/170"}],"wp:attachment":[{"href":"https:\/\/entreprise-bear.fr\/en\/wp-json\/wp\/v2\/media?parent=121"}],"curies":[{"name":"wp","href":"https:\/\/api.w.org\/{rel}","templated":true}]}}