{"id":1093,"date":"2024-02-16T11:53:36","date_gmt":"2024-02-16T10:53:36","guid":{"rendered":"https:\/\/entreprise-bear.fr\/?page_id=1093"},"modified":"2024-04-04T13:47:49","modified_gmt":"2024-04-04T11:47:49","slug":"zinguerie","status":"publish","type":"page","link":"http:\/\/entreprise-bear.fr\/en\/zinguerie\/","title":{"rendered":"Zinc works"},"content":{"rendered":"<p id=\"Zinguerie\" class=\"translation-block\"><strong>Entreprise Bear<\/strong> offers you its <strong>expertise<\/strong>. Don't hesitate to contact us for a <strong>health check<\/strong> of your <strong>roof<\/strong>.<\/p>\n\n\n\n<div class=\"wp-block-media-text is-stacked-on-mobile\" style=\"grid-template-columns:52% auto\"><figure class=\"wp-block-media-text__media\"><img fetchpriority=\"high\" decoding=\"async\" width=\"1024\" height=\"768\" src=\"https:\/\/entreprise-bear.fr\/wp-content\/uploads\/2020\/01\/29-1024x768.jpg\" alt=\"\" class=\"wp-image-470 size-full\" srcset=\"https:\/\/entreprise-bear.fr\/wp-content\/uploads\/2020\/01\/29-1024x768.jpg 1024w, https:\/\/entreprise-bear.fr\/wp-content\/uploads\/2020\/01\/29-300x225.jpg 300w, https:\/\/entreprise-bear.fr\/wp-content\/uploads\/2020\/01\/29-768x576.jpg 768w, https:\/\/entreprise-bear.fr\/wp-content\/uploads\/2020\/01\/29-1200x900.jpg 1200w, https:\/\/entreprise-bear.fr\/wp-content\/uploads\/2020\/01\/29-594x446.jpg 594w\" sizes=\"(max-width: 1024px) 100vw, 1024px\" \/><\/figure><div class=\"wp-block-media-text__content\">\n<h2 class=\"wp-block-heading has-text-align-center\">Roof zinc work<\/h2>\n\n\n\n<hr class=\"wp-block-separator has-text-color has-alpha-channel-opacity has-background\" style=\"background-color:#007d69;color:#007d69\"\/>\n\n\n\n<p class=\"translation-block\">We <strong>install<\/strong> and completely renovate <strong>roofs, gutters, gutters, valleys and downpipes<\/strong>. Our team of <strong>qualified roofers<\/strong> is committed to delivering professional, meticulous work. We ensure the <strong>durability<\/strong> of your installations and effectively <strong>protect<\/strong> your home against water ingress.<\/p>\n<\/div><\/div>\n\n\n\n<p class=\"translation-block\">We intervene for the <strong>laying<\/strong> and <strong>complete renovation of roofs, taps, canes, knots or rainwater descents<\/strong>. Our team of <strong>qualified coverers<\/strong> is committed to providing professional and careful work. We ensure the <strong>durability<\/strong> of your facilities and <strong>effectively protect<strong> your home from water infiltrations.<\/p>\n\n\n\n<div class=\"wp-block-buttons is-content-justification-center is-layout-flex wp-container-core-buttons-is-layout-1 wp-block-buttons-is-layout-flex\">\n<div class=\"wp-block-button has-custom-font-size has-medium-font-size\"><a class=\"wp-block-button__link has-background wp-element-button\" href=\"https:\/\/entreprise-bear.fr\/en\/portfolio\/zinguerie\/\" style=\"background-color:#007d69\"><strong>Our achievements<\/strong><\/a><\/div>\n<\/div>","protected":false},"excerpt":{"rendered":"<p>l&rsquo;Entreprise Bear vous propose son expertise. N&rsquo;h\u00e9sitez pas \u00e0 nous consulter pour un bilan de sant\u00e9 de votre toiture. Nous intervenons pour la pose et la r\u00e9novation compl\u00e8te de toiture, de goutti\u00e8res, de ch\u00e9neaux, de noues ou de descentes d&rsquo;eau pluviale. Notre \u00e9quipe de couvreurs qualifi\u00e9s s&rsquo;engage \u00e0 fournir un travail professionnel et soign\u00e9. Nous [&hellip;]<\/p>\n","protected":false},"author":1,"featured_media":522,"parent":0,"menu_order":0,"comment_status":"closed","ping_status":"closed","template":"","meta":{"_seopress_robots_primary_cat":"","_seopress_titles_title":"Zinguerie de toiture \u00e0 Perpignan - Entreprise Bear","_seopress_titles_desc":"Nous r\u00e9alisons vos travaux de r\u00e9novation de toiture en utilisant le zinc pour un rendu fiable et de qualit\u00e9 dans le (66) ","_seopress_robots_index":"","footnotes":""},"class_list":["post-1093","page","type-page","status-publish","has-post-thumbnail","hentry","clearfix","post-index"],"jetpack_sharing_enabled":true,"_links":{"self":[{"href":"http:\/\/entreprise-bear.fr\/en\/wp-json\/wp\/v2\/pages\/1093","targetHints":{"allow":["GET"]}}],"collection":[{"href":"http:\/\/entreprise-bear.fr\/en\/wp-json\/wp\/v2\/pages"}],"about":[{"href":"http:\/\/entreprise-bear.fr\/en\/wp-json\/wp\/v2\/types\/page"}],"author":[{"embeddable":true,"href":"http:\/\/entreprise-bear.fr\/en\/wp-json\/wp\/v2\/users\/1"}],"replies":[{"embeddable":true,"href":"http:\/\/entreprise-bear.fr\/en\/wp-json\/wp\/v2\/comments?post=1093"}],"version-history":[{"count":11,"href":"http:\/\/entreprise-bear.fr\/en\/wp-json\/wp\/v2\/pages\/1093\/revisions"}],"predecessor-version":[{"id":1432,"href":"http:\/\/entreprise-bear.fr\/en\/wp-json\/wp\/v2\/pages\/1093\/revisions\/1432"}],"wp:featuredmedia":[{"embeddable":true,"href":"http:\/\/entreprise-bear.fr\/en\/wp-json\/wp\/v2\/media\/522"}],"wp:attachment":[{"href":"http:\/\/entreprise-bear.fr\/en\/wp-json\/wp\/v2\/media?parent=1093"}],"curies":[{"name":"wp","href":"https:\/\/api.w.org\/{rel}","templated":true}]}}